{"id":5301,"date":"2022-01-12T11:24:30","date_gmt":"2022-01-12T11:24:30","guid":{"rendered":"https:\/\/www.albergoelea.it\/lido\/"},"modified":"2022-05-02T08:11:50","modified_gmt":"2022-05-02T08:11:50","slug":"lido","status":"publish","type":"page","link":"https:\/\/www.albergoelea.it\/en\/lido\/","title":{"rendered":"Lido"},"content":{"rendered":"\t\t<div data-elementor-type=\"wp-page\" data-elementor-id=\"5301\" class=\"elementor elementor-5301\" data-elementor-settings=\"[]\">\n\t\t\t\t\t\t\t<div class=\"elementor-section-wrap\">\n\t\t\t\t\t\t\t<section class=\"elementor-section elementor-top-section elementor-element elementor-element-14bbfbf4 elementor-section-full_width qodef-elementor-content-grid elementor-section-height-default elementor-section-height-default\" data-id=\"14bbfbf4\" data-element_type=\"section\">\n\t\t\t\t\t\t<div class=\"elementor-container elementor-column-gap-no\">\n\t\t\t\t\t<div class=\"elementor-column elementor-col-100 elementor-top-column elementor-element elementor-element-697a9a07\" data-id=\"697a9a07\" data-element_type=\"column\">\n\t\t\t<div class=\"elementor-widget-wrap elementor-element-populated\">\n\t\t\t\t\t\t\t\t<div class=\"elementor-element elementor-element-d416980 elementor-widget elementor-widget-html\" data-id=\"d416980\" data-element_type=\"widget\" data-widget_type=\"html.default\">\n\t\t\t\t<div class=\"elementor-widget-container\">\n\t\t\t<div class = \"qodef-shortcode qodef-m qodef-section-title qodef-alignment--center\">\n<h2 class = \"qodef-m-title\">\nLido <\/h2>\n<span class = \"qodef-m-text\" style = \"margin-top: 25px\"> The scent of the sea, the sound of the waves, Lido Sciabecco is the restaurant and the beach of Albergo Elea. <br> A place to live the unique experience of the Cilento sea, watching the sea turn red at sunset. <br>\nThe beach is equipped with deck chairs, umbrellas, sun beds and free showers. <br>\n \n<b> The beach is 400 meters from the hotel. <\/b> Guests have access to 1 umbrella, 2 sun loungers and 1 deck chair per room.\n\n\n<br>\n\n\n<\/span>\n<\/div>\t\t<\/div>\n\t\t\t\t<\/div>\n\t\t\t\t\t<\/div>\n\t\t<\/div>\n\t\t\t\t\t\t\t<\/div>\n\t\t<\/section>\n\t\t\t\t<section class=\"elementor-section elementor-top-section elementor-element elementor-element-4361696e elementor-section-boxed elementor-section-height-default elementor-section-height-default qodef-elementor-content-no\" data-id=\"4361696e\" data-element_type=\"section\">\n\t\t\t\t\t\t<div class=\"elementor-container elementor-column-gap-default\">\n\t\t\t\t\t<div class=\"elementor-column elementor-col-100 elementor-top-column elementor-element elementor-element-306ea29b\" data-id=\"306ea29b\" data-element_type=\"column\">\n\t\t\t<div class=\"elementor-widget-wrap elementor-element-populated\">\n\t\t\t\t\t\t\t\t<div class=\"elementor-element elementor-element-17fb942a elementor-widget elementor-widget-image\" data-id=\"17fb942a\" data-element_type=\"widget\" data-widget_type=\"image.default\">\n\t\t\t\t<div class=\"elementor-widget-container\">\n\t\t\t<style>\/*! elementor - v3.5.3 - 28-12-2021 *\/\n.elementor-widget-image{text-align:center}.elementor-widget-image a{display:inline-block}.elementor-widget-image a img[src$=\".svg\"]{width:48px}.elementor-widget-image img{vertical-align:middle;display:inline-block}<\/style>\t\t\t\t\t\t\t\t\t\t\t\t<img loading=\"lazy\" decoding=\"async\" width=\"1024\" height=\"516\" src=\"https:\/\/www.albergoelea.it\/wp-content\/uploads\/2022\/02\/albergo-elea-lido-1-1024x516.jpg\" class=\"attachment-large size-large\" alt=\"\" srcset=\"https:\/\/www.albergoelea.it\/wp-content\/uploads\/2022\/02\/albergo-elea-lido-1-1024x516.jpg 1024w, https:\/\/www.albergoelea.it\/wp-content\/uploads\/2022\/02\/albergo-elea-lido-1-300x151.jpg 300w, https:\/\/www.albergoelea.it\/wp-content\/uploads\/2022\/02\/albergo-elea-lido-1-768x387.jpg 768w, https:\/\/www.albergoelea.it\/wp-content\/uploads\/2022\/02\/albergo-elea-lido-1.jpg 1300w\" sizes=\"auto, (max-width: 1024px) 100vw, 1024px\" \/>\t\t\t\t\t\t\t\t\t\t\t\t\t\t\t<\/div>\n\t\t\t\t<\/div>\n\t\t\t\t\t<\/div>\n\t\t<\/div>\n\t\t\t\t\t\t\t<\/div>\n\t\t<\/section>\n\t\t\t\t<section class=\"elementor-section elementor-top-section elementor-element elementor-element-508f881 elementor-section-boxed elementor-section-height-default elementor-section-height-default qodef-elementor-content-no\" data-id=\"508f881\" data-element_type=\"section\">\n\t\t\t\t\t\t<div class=\"elementor-container elementor-column-gap-default\">\n\t\t\t\t\t<div class=\"elementor-column elementor-col-100 elementor-top-column elementor-element elementor-element-6dbe3805\" data-id=\"6dbe3805\" data-element_type=\"column\">\n\t\t\t<div class=\"elementor-widget-wrap elementor-element-populated\">\n\t\t\t\t\t\t\t\t<div class=\"elementor-element elementor-element-c795336 elementor-widget elementor-widget-html\" data-id=\"c795336\" data-element_type=\"widget\" data-widget_type=\"html.default\">\n\t\t\t\t<div class=\"elementor-widget-container\">\n\t\t\t<div class=\"qodef-shortcode qodef-m  qodef-section-title qodef-alignment--center\">\n\t\t<h2 class=\"qodef-m-title\">\n\t\t\t\t\tIl Lido\t\t\t<\/h2>\n\t\t<span class = \"qodef-m-text\" style = \"margin-top: 25px\"> <b> A lounge bar <\/b> <br>\nto enjoy expertly blended fresh drinks and cocktails <br> <br>\n<b> A restaurant terrace <\/b> <br>\nyou can choose to taste fish and seafood dishes <br> <br>\n<b> A place to relax <\/b> <br>\nto fill up on well-being by the sea <\/span>\n<\/div>\t\t<\/div>\n\t\t\t\t<\/div>\n\t\t\t\t\t<\/div>\n\t\t<\/div>\n\t\t\t\t\t\t\t<\/div>\n\t\t<\/section>\n\t\t\t\t<section class=\"elementor-section elementor-top-section elementor-element elementor-element-74aba889 elementor-section-full_width qodef-elementor-content-grid elementor-section-height-default elementor-section-height-default\" data-id=\"74aba889\" data-element_type=\"section\">\n\t\t\t\t\t\t<div class=\"elementor-container elementor-column-gap-no\">\n\t\t\t\t\t<div class=\"elementor-column elementor-col-33 elementor-top-column elementor-element elementor-element-50e56878\" data-id=\"50e56878\" data-element_type=\"column\">\n\t\t\t<div class=\"elementor-widget-wrap elementor-element-populated\">\n\t\t\t\t\t\t\t\t<div class=\"elementor-element elementor-element-22526eed elementor-widget elementor-widget-image\" data-id=\"22526eed\" data-element_type=\"widget\" data-widget_type=\"image.default\">\n\t\t\t\t<div class=\"elementor-widget-container\">\n\t\t\t\t\t\t\t\t\t\t\t\t\t\t\t<img loading=\"lazy\" decoding=\"async\" width=\"650\" height=\"650\" src=\"https:\/\/www.albergoelea.it\/wp-content\/uploads\/2022\/02\/albergo-elea-lido-2.jpg\" class=\"attachment-alloggio_image_size_square size-alloggio_image_size_square\" alt=\"\" srcset=\"https:\/\/www.albergoelea.it\/wp-content\/uploads\/2022\/02\/albergo-elea-lido-2.jpg 650w, https:\/\/www.albergoelea.it\/wp-content\/uploads\/2022\/02\/albergo-elea-lido-2-300x300.jpg 300w, https:\/\/www.albergoelea.it\/wp-content\/uploads\/2022\/02\/albergo-elea-lido-2-150x150.jpg 150w\" sizes=\"auto, (max-width: 650px) 100vw, 650px\" \/>\t\t\t\t\t\t\t\t\t\t\t\t\t\t\t<\/div>\n\t\t\t\t<\/div>\n\t\t\t\t\t<\/div>\n\t\t<\/div>\n\t\t\t\t<div class=\"elementor-column elementor-col-33 elementor-top-column elementor-element elementor-element-7348bde5\" data-id=\"7348bde5\" data-element_type=\"column\">\n\t\t\t<div class=\"elementor-widget-wrap elementor-element-populated\">\n\t\t\t\t\t\t\t\t<div class=\"elementor-element elementor-element-276a8498 elementor-widget elementor-widget-image\" data-id=\"276a8498\" data-element_type=\"widget\" data-widget_type=\"image.default\">\n\t\t\t\t<div class=\"elementor-widget-container\">\n\t\t\t\t\t\t\t\t\t\t\t\t\t\t\t<img loading=\"lazy\" decoding=\"async\" width=\"650\" height=\"650\" src=\"https:\/\/www.albergoelea.it\/wp-content\/uploads\/2022\/02\/albergo-elea-lido-3.jpg\" class=\"attachment-alloggio_image_size_square size-alloggio_image_size_square\" alt=\"\" srcset=\"https:\/\/www.albergoelea.it\/wp-content\/uploads\/2022\/02\/albergo-elea-lido-3.jpg 650w, https:\/\/www.albergoelea.it\/wp-content\/uploads\/2022\/02\/albergo-elea-lido-3-300x300.jpg 300w, https:\/\/www.albergoelea.it\/wp-content\/uploads\/2022\/02\/albergo-elea-lido-3-150x150.jpg 150w\" sizes=\"auto, (max-width: 650px) 100vw, 650px\" \/>\t\t\t\t\t\t\t\t\t\t\t\t\t\t\t<\/div>\n\t\t\t\t<\/div>\n\t\t\t\t\t<\/div>\n\t\t<\/div>\n\t\t\t\t<div class=\"elementor-column elementor-col-33 elementor-top-column elementor-element elementor-element-6f813ea2\" data-id=\"6f813ea2\" data-element_type=\"column\">\n\t\t\t<div class=\"elementor-widget-wrap elementor-element-populated\">\n\t\t\t\t\t\t\t\t<div class=\"elementor-element elementor-element-26aea0f1 elementor-widget elementor-widget-image\" data-id=\"26aea0f1\" data-element_type=\"widget\" data-widget_type=\"image.default\">\n\t\t\t\t<div class=\"elementor-widget-container\">\n\t\t\t\t\t\t\t\t\t\t\t\t\t\t\t<img loading=\"lazy\" decoding=\"async\" width=\"650\" height=\"650\" src=\"https:\/\/www.albergoelea.it\/wp-content\/uploads\/2022\/02\/albergo-elea-lido-4.jpg\" class=\"attachment-alloggio_image_size_square size-alloggio_image_size_square\" alt=\"\" srcset=\"https:\/\/www.albergoelea.it\/wp-content\/uploads\/2022\/02\/albergo-elea-lido-4.jpg 650w, https:\/\/www.albergoelea.it\/wp-content\/uploads\/2022\/02\/albergo-elea-lido-4-300x300.jpg 300w, https:\/\/www.albergoelea.it\/wp-content\/uploads\/2022\/02\/albergo-elea-lido-4-150x150.jpg 150w\" sizes=\"auto, (max-width: 650px) 100vw, 650px\" \/>\t\t\t\t\t\t\t\t\t\t\t\t\t\t\t<\/div>\n\t\t\t\t<\/div>\n\t\t\t\t\t<\/div>\n\t\t<\/div>\n\t\t\t\t\t\t\t<\/div>\n\t\t<\/section>\n\t\t\t\t<section class=\"elementor-section elementor-top-section elementor-element elementor-element-eae2bd0 elementor-section-full_width qodef-elementor-content-grid elementor-section-height-default elementor-section-height-default\" data-id=\"eae2bd0\" data-element_type=\"section\" data-settings=\"{&quot;background_background&quot;:&quot;classic&quot;}\">\n\t\t\t\t\t\t\t<div class=\"elementor-background-overlay\"><\/div>\n\t\t\t\t\t\t\t<div class=\"elementor-container elementor-column-gap-no\">\n\t\t\t\t\t<div class=\"elementor-column elementor-col-100 elementor-top-column elementor-element elementor-element-20b0f9d0\" data-id=\"20b0f9d0\" data-element_type=\"column\">\n\t\t\t<div class=\"elementor-widget-wrap elementor-element-populated\">\n\t\t\t\t\t\t\t\t<div class=\"elementor-element elementor-element-7a19c1fe elementor-widget elementor-widget-alloggio_core_testimonials_list\" data-id=\"7a19c1fe\" data-element_type=\"widget\" data-widget_type=\"alloggio_core_testimonials_list.default\">\n\t\t\t\t<div class=\"elementor-widget-container\">\n\t\t\t<div class=\"qodef-testimonials-list-wrapper\">\n\t<div class=\"qodef-shortcode qodef-m  qodef-testimonials-list  qodef-icon-behind--text qodef-content-position--center qodef-grid qodef-swiper-container  qodef-gutter--normal qodef-col-num--1 qodef-item-layout--info-below qodef-responsive--predefined\" data-options=\"{&quot;slidesPerView&quot;:&quot;1&quot;,&quot;spaceBetween&quot;:15,&quot;loop&quot;:true,&quot;autoplay&quot;:true,&quot;speed&quot;:&quot;&quot;,&quot;speedAnimation&quot;:&quot;&quot;,&quot;slideAnimation&quot;:&quot;&quot;}\">\n\t\t<div class=\"swiper-wrapper\">\n\t\t\t<div class=\"qodef-e swiper-slide\">\n\t<div class=\"qodef-e-inner\">\n\t\t\t\t<div class=\"qodef-e-content\">\n\t\t\t\t\t\t\t<h2 itemprop=\"name\" class=\"qodef-e-title entry-title\" >\n\t\tLa buona cucina si chiama Sciabecco.\t<\/h2>\n\t\t\t\t<p itemprop=\"description\" class=\"qodef-e-text\">\n\t\t<span class=\"qodef-e-mark\">\n\t<svg xmlns=\"http:\/\/www.w3.org\/2000\/svg\" xmlns:xlink=\"http:\/\/www.w3.org\/1999\/xlink\" x=\"0px\" y=\"0px\" viewBox=\"0 0 75.3 63.9\" xml:space=\"preserve\"><g><path d=\"M34.8,40.5c0,12.6-10.3,22.9-22.9,22.9H9.1c-1.6,0-2.9-1.3-2.9-2.9v-5.7c0-1.6,1.3-2.9,2.9-2.9h2.9c6.3,0,11.4-5.1,11.4-11.4v-1.4c0-2.4-1.9-4.3-4.3-4.3h-10c-4.7,0-8.6-3.8-8.6-8.6V9.1c0-4.7,3.8-8.6,8.6-8.6h17.1c4.7,0,8.6,3.8,8.6,8.6V40.5z M74.8,40.5c0,12.6-10.3,22.9-22.9,22.9h-2.9c-1.6,0-2.9-1.3-2.9-2.9v-5.7c0-1.6,1.3-2.9,2.9-2.9h2.9c6.3,0,11.4-5.1,11.4-11.4v-1.4c0-2.4-1.9-4.3-4.3-4.3h-10c-4.7,0-8.6-3.8-8.6-8.6V9.1c0-4.7,3.8-8.6,8.6-8.6h17.1c4.7,0,8.6,3.8,8.6,8.6V40.5z\"\/><\/g><\/svg>\n<\/span>\t\tSono ormai tanti anni che trascorriamo le nostre vacanze ad Ascea e il Cilento \u00e8 ormai la nostra seconda casa. Ma l&#039;unico posto in cui tradizione culinaria cilentana e innovazione si mescolano senza lasciare nulla al caso \u00e8 lo Sciabecco. Non ci sono &quot; ma&quot; !\t<\/p>\n\t\t\t<p class=\"qodef-e-author\">\n\t<span class=\"qodef-e-author-name\">\n\t\tDaniela B\t<\/span>\n\t<span class=\"qodef-e-author-job\">\n\t\tTripadvisor\t<\/span>\n<\/p>\n\t\t<\/div>\n\t<\/div>\n<\/div><div class=\"qodef-e swiper-slide\">\n\t<div class=\"qodef-e-inner\">\n\t\t\t\t<div class=\"qodef-e-content\">\n\t\t\t\t\t\t\t<h2 itemprop=\"name\" class=\"qodef-e-title entry-title\" >\n\t\tOttima scelta\t<\/h2>\n\t\t\t\t<p itemprop=\"description\" class=\"qodef-e-text\">\n\t\t<span class=\"qodef-e-mark\">\n\t<svg xmlns=\"http:\/\/www.w3.org\/2000\/svg\" xmlns:xlink=\"http:\/\/www.w3.org\/1999\/xlink\" x=\"0px\" y=\"0px\" viewBox=\"0 0 75.3 63.9\" xml:space=\"preserve\"><g><path d=\"M34.8,40.5c0,12.6-10.3,22.9-22.9,22.9H9.1c-1.6,0-2.9-1.3-2.9-2.9v-5.7c0-1.6,1.3-2.9,2.9-2.9h2.9c6.3,0,11.4-5.1,11.4-11.4v-1.4c0-2.4-1.9-4.3-4.3-4.3h-10c-4.7,0-8.6-3.8-8.6-8.6V9.1c0-4.7,3.8-8.6,8.6-8.6h17.1c4.7,0,8.6,3.8,8.6,8.6V40.5z M74.8,40.5c0,12.6-10.3,22.9-22.9,22.9h-2.9c-1.6,0-2.9-1.3-2.9-2.9v-5.7c0-1.6,1.3-2.9,2.9-2.9h2.9c6.3,0,11.4-5.1,11.4-11.4v-1.4c0-2.4-1.9-4.3-4.3-4.3h-10c-4.7,0-8.6-3.8-8.6-8.6V9.1c0-4.7,3.8-8.6,8.6-8.6h17.1c4.7,0,8.6,3.8,8.6,8.6V40.5z\"\/><\/g><\/svg>\n<\/span>\t\tServizio ottimo, bella location e buon cibo. Piatti gradevoli e impiattamenti lodevoli, soddisfatti della scelta. Ok\r\n\r\n\t<\/p>\n\t\t\t<p class=\"qodef-e-author\">\n\t<span class=\"qodef-e-author-name\">\n\t\tDaddynice70\t<\/span>\n\t<span class=\"qodef-e-author-job\">\n\t\tTripadvisor\t<\/span>\n<\/p>\n\t\t<\/div>\n\t<\/div>\n<\/div><div class=\"qodef-e swiper-slide\">\n\t<div class=\"qodef-e-inner\">\n\t\t\t\t<div class=\"qodef-e-content\">\n\t\t\t\t\t\t\t<h2 itemprop=\"name\" class=\"qodef-e-title entry-title\" >\n\t\tCasa mia\t<\/h2>\n\t\t\t\t<p itemprop=\"description\" class=\"qodef-e-text\">\n\t\t<span class=\"qodef-e-mark\">\n\t<svg xmlns=\"http:\/\/www.w3.org\/2000\/svg\" xmlns:xlink=\"http:\/\/www.w3.org\/1999\/xlink\" x=\"0px\" y=\"0px\" viewBox=\"0 0 75.3 63.9\" xml:space=\"preserve\"><g><path d=\"M34.8,40.5c0,12.6-10.3,22.9-22.9,22.9H9.1c-1.6,0-2.9-1.3-2.9-2.9v-5.7c0-1.6,1.3-2.9,2.9-2.9h2.9c6.3,0,11.4-5.1,11.4-11.4v-1.4c0-2.4-1.9-4.3-4.3-4.3h-10c-4.7,0-8.6-3.8-8.6-8.6V9.1c0-4.7,3.8-8.6,8.6-8.6h17.1c4.7,0,8.6,3.8,8.6,8.6V40.5z M74.8,40.5c0,12.6-10.3,22.9-22.9,22.9h-2.9c-1.6,0-2.9-1.3-2.9-2.9v-5.7c0-1.6,1.3-2.9,2.9-2.9h2.9c6.3,0,11.4-5.1,11.4-11.4v-1.4c0-2.4-1.9-4.3-4.3-4.3h-10c-4.7,0-8.6-3.8-8.6-8.6V9.1c0-4.7,3.8-8.6,8.6-8.6h17.1c4.7,0,8.6,3.8,8.6,8.6V40.5z\"\/><\/g><\/svg>\n<\/span>\t\tCi sono dei posti che ti fanno sentire a casa lo Sciabecco \u00e8 uno di questi potrei parlare del cibo della passione e competenza della propriet\u00e0 ma non lo far\u00f2 dico semplicemente che mi avete fatto sentire a casa grazie!!!\r\n\t<\/p>\n\t\t\t<p class=\"qodef-e-author\">\n\t<span class=\"qodef-e-author-name\">\n\t\tnicolav162\t<\/span>\n\t<span class=\"qodef-e-author-job\">\n\t\tTripadvisor\t<\/span>\n<\/p>\n\t\t<\/div>\n\t<\/div>\n<\/div>\t\t<\/div>\n\t\t<div class=\"swiper-button-next \"><svg xmlns=\"http:\/\/www.w3.org\/2000\/svg\" xmlns:xlink=\"http:\/\/www.w3.org\/1999\/xlink\" x=\"0px\" y=\"0px\" viewBox=\"0 0 26 50.9\" xml:space=\"preserve\"><polyline points=\"0.4,50.6 25.3,25.5 0.4,0.4 \"\/><\/svg><\/div>\n<div class=\"swiper-button-prev \"><svg xmlns=\"http:\/\/www.w3.org\/2000\/svg\" xmlns:xlink=\"http:\/\/www.w3.org\/1999\/xlink\" x=\"0px\" y=\"0px\" viewBox=\"0 0 26 50.9\" xml:space=\"preserve\"><polyline points=\"25.6,0.4 0.7,25.5 25.6,50.6 \"\/><\/svg><\/div>\t\t\t<\/div>\n\t<\/div>\t\t<\/div>\n\t\t\t\t<\/div>\n\t\t\t\t\t<\/div>\n\t\t<\/div>\n\t\t\t\t\t\t\t<\/div>\n\t\t<\/section>\n\t\t\t\t<div class=\"elementor-section elementor-top-section elementor-element elementor-element-5c486c23 elementor-section-full_width elementor-section-height-default elementor-section-height-default qodef-elementor-content-no\" data-id=\"5c486c23\" data-element_type=\"section\">\n\t\t\t\t\t\t<div class=\"elementor-container elementor-column-gap-no\">\n\t\t\t\t\t<div class=\"elementor-column elementor-col-100 elementor-top-column elementor-element elementor-element-5b347b8b\" data-id=\"5b347b8b\" data-element_type=\"column\" data-settings=\"{&quot;background_background&quot;:&quot;classic&quot;}\">\n\t\t\t<div class=\"elementor-widget-wrap elementor-element-populated\">\n\t\t\t\t\t\t\t\t<div class=\"elementor-element elementor-element-7c5479dc button-preventivo elementor-widget elementor-widget-alloggio_core_button\" data-id=\"7c5479dc\" data-element_type=\"widget\" data-widget_type=\"alloggio_core_button.default\">\n\t\t\t\t<div class=\"elementor-widget-container\">\n\t\t\t<a class=\"qodef-shortcode qodef-m  qodef-button qodef-layout--outlined  qodef-html--link\" href=\"\/en\/preventivo\/\" target=\"_self\"  >\n\t<span class=\"qodef-m-text\">Request your quote now<\/span>\n\t<span class=\"qodef-m-background-holder\" ><\/span>\n<\/a>\t\t<\/div>\n\t\t\t\t<\/div>\n\t\t\t\t\t<\/div>\n\t\t<\/div>\n\t\t\t\t\t\t\t<\/div>\n\t\t<\/div>\n\t\t\t\t\t\t<\/div>\n\t\t\t\t\t<\/div>\n\t\t","protected":false},"excerpt":{"rendered":"<p>Lido The scent of the sea, the sound of the waves, Lido Sciabecco is the restaurant and the beach of Albergo Elea. A place to live the unique experience of the Cilento sea, watching the sea turn red at sunset. The beach is equipped with deck chairs, umbrellas, sun beds and free showers. The beach [&hellip;]<\/p>\n","protected":false},"author":1,"featured_media":0,"parent":0,"menu_order":0,"comment_status":"closed","ping_status":"closed","template":"page-full-width.php","meta":{"footnotes":""},"class_list":["post-5301","page","type-page","status-publish","hentry"],"yoast_head":"<!-- This site is optimized with the Yoast SEO plugin v18.1 - https:\/\/yoast.com\/wordpress\/plugins\/seo\/ -->\n<title>Albergo Elea - Lido a Marina di Ascea - Cilento<\/title>\n<meta name=\"robots\" content=\"index, follow, max-snippet:-1, max-image-preview:large, max-video-preview:-1\" \/>\n<link rel=\"canonical\" href=\"https:\/\/www.albergoelea.it\/en\/lido\/\" \/>\n<meta property=\"og:locale\" content=\"en_US\" \/>\n<meta property=\"og:type\" content=\"article\" \/>\n<meta property=\"og:title\" content=\"Albergo Elea - Lido a Marina di Ascea - Cilento\" \/>\n<meta property=\"og:description\" content=\"Lido The scent of the sea, the sound of the waves, Lido Sciabecco is the restaurant and the beach of Albergo Elea. A place to live the unique experience of the Cilento sea, watching the sea turn red at sunset. The beach is equipped with deck chairs, umbrellas, sun beds and free showers. The beach [&hellip;]\" \/>\n<meta property=\"og:url\" content=\"https:\/\/www.albergoelea.it\/en\/lido\/\" \/>\n<meta property=\"og:site_name\" content=\"Albergo Elea\" \/>\n<meta property=\"article:publisher\" content=\"https:\/\/www.facebook.com\/albergoeleaAnaPauladeNoronha\/\" \/>\n<meta property=\"article:modified_time\" content=\"2022-05-02T08:11:50+00:00\" \/>\n<meta property=\"og:image\" content=\"https:\/\/www.albergoelea.it\/wp-content\/uploads\/2022\/02\/albergo-elea-lido-1-1024x516.jpg\" \/>\n<meta name=\"twitter:card\" content=\"summary_large_image\" \/>\n<meta name=\"twitter:label1\" content=\"Est. reading time\" \/>\n\t<meta name=\"twitter:data1\" content=\"3 minutes\" \/>\n<script type=\"application\/ld+json\" class=\"yoast-schema-graph\">{\"@context\":\"https:\/\/schema.org\",\"@graph\":[{\"@type\":\"Organization\",\"@id\":\"https:\/\/www.albergoelea.it\/#organization\",\"name\":\"Albergo Elea\",\"url\":\"https:\/\/www.albergoelea.it\/\",\"sameAs\":[\"https:\/\/www.facebook.com\/albergoeleaAnaPauladeNoronha\/\",\"https:\/\/www.instagram.com\/albergo_elea\/\"],\"logo\":{\"@type\":\"ImageObject\",\"@id\":\"https:\/\/www.albergoelea.it\/#logo\",\"inLanguage\":\"en-US\",\"url\":\"https:\/\/www.albergoelea.it\/wp-content\/uploads\/2022\/01\/logo-albergo-elea.png\",\"contentUrl\":\"https:\/\/www.albergoelea.it\/wp-content\/uploads\/2022\/01\/logo-albergo-elea.png\",\"width\":182,\"height\":95,\"caption\":\"Albergo Elea\"},\"image\":{\"@id\":\"https:\/\/www.albergoelea.it\/#logo\"}},{\"@type\":\"WebSite\",\"@id\":\"https:\/\/www.albergoelea.it\/#website\",\"url\":\"https:\/\/www.albergoelea.it\/\",\"name\":\"Albergo Elea\",\"description\":\"Hotel 3 stelle Ascea Marina\",\"publisher\":{\"@id\":\"https:\/\/www.albergoelea.it\/#organization\"},\"potentialAction\":[{\"@type\":\"SearchAction\",\"target\":{\"@type\":\"EntryPoint\",\"urlTemplate\":\"https:\/\/www.albergoelea.it\/?s={search_term_string}\"},\"query-input\":\"required name=search_term_string\"}],\"inLanguage\":\"en-US\"},{\"@type\":\"ImageObject\",\"@id\":\"https:\/\/www.albergoelea.it\/en\/lido\/#primaryimage\",\"inLanguage\":\"en-US\",\"url\":\"https:\/\/www.albergoelea.it\/wp-content\/uploads\/2022\/02\/albergo-elea-lido-1.jpg\",\"contentUrl\":\"https:\/\/www.albergoelea.it\/wp-content\/uploads\/2022\/02\/albergo-elea-lido-1.jpg\",\"width\":1300,\"height\":655},{\"@type\":\"WebPage\",\"@id\":\"https:\/\/www.albergoelea.it\/en\/lido\/#webpage\",\"url\":\"https:\/\/www.albergoelea.it\/en\/lido\/\",\"name\":\"Albergo Elea - Lido a Marina di Ascea - Cilento\",\"isPartOf\":{\"@id\":\"https:\/\/www.albergoelea.it\/#website\"},\"primaryImageOfPage\":{\"@id\":\"https:\/\/www.albergoelea.it\/en\/lido\/#primaryimage\"},\"datePublished\":\"2022-01-12T11:24:30+00:00\",\"dateModified\":\"2022-05-02T08:11:50+00:00\",\"breadcrumb\":{\"@id\":\"https:\/\/www.albergoelea.it\/en\/lido\/#breadcrumb\"},\"inLanguage\":\"en-US\",\"potentialAction\":[{\"@type\":\"ReadAction\",\"target\":[\"https:\/\/www.albergoelea.it\/en\/lido\/\"]}]},{\"@type\":\"BreadcrumbList\",\"@id\":\"https:\/\/www.albergoelea.it\/en\/lido\/#breadcrumb\",\"itemListElement\":[{\"@type\":\"ListItem\",\"position\":1,\"name\":\"Home\",\"item\":\"https:\/\/www.albergoelea.it\/en\/\"},{\"@type\":\"ListItem\",\"position\":2,\"name\":\"Lido\"}]}]}<\/script>\n<!-- \/ Yoast SEO plugin. -->","yoast_head_json":{"title":"Albergo Elea - Lido a Marina di Ascea - Cilento","robots":{"index":"index","follow":"follow","max-snippet":"max-snippet:-1","max-image-preview":"max-image-preview:large","max-video-preview":"max-video-preview:-1"},"canonical":"https:\/\/www.albergoelea.it\/en\/lido\/","og_locale":"en_US","og_type":"article","og_title":"Albergo Elea - Lido a Marina di Ascea - Cilento","og_description":"Lido The scent of the sea, the sound of the waves, Lido Sciabecco is the restaurant and the beach of Albergo Elea. A place to live the unique experience of the Cilento sea, watching the sea turn red at sunset. The beach is equipped with deck chairs, umbrellas, sun beds and free showers. The beach [&hellip;]","og_url":"https:\/\/www.albergoelea.it\/en\/lido\/","og_site_name":"Albergo Elea","article_publisher":"https:\/\/www.facebook.com\/albergoeleaAnaPauladeNoronha\/","article_modified_time":"2022-05-02T08:11:50+00:00","og_image":[{"url":"https:\/\/www.albergoelea.it\/wp-content\/uploads\/2022\/02\/albergo-elea-lido-1-1024x516.jpg"}],"twitter_card":"summary_large_image","twitter_misc":{"Est. reading time":"3 minutes"},"schema":{"@context":"https:\/\/schema.org","@graph":[{"@type":"Organization","@id":"https:\/\/www.albergoelea.it\/#organization","name":"Albergo Elea","url":"https:\/\/www.albergoelea.it\/","sameAs":["https:\/\/www.facebook.com\/albergoeleaAnaPauladeNoronha\/","https:\/\/www.instagram.com\/albergo_elea\/"],"logo":{"@type":"ImageObject","@id":"https:\/\/www.albergoelea.it\/#logo","inLanguage":"en-US","url":"https:\/\/www.albergoelea.it\/wp-content\/uploads\/2022\/01\/logo-albergo-elea.png","contentUrl":"https:\/\/www.albergoelea.it\/wp-content\/uploads\/2022\/01\/logo-albergo-elea.png","width":182,"height":95,"caption":"Albergo Elea"},"image":{"@id":"https:\/\/www.albergoelea.it\/#logo"}},{"@type":"WebSite","@id":"https:\/\/www.albergoelea.it\/#website","url":"https:\/\/www.albergoelea.it\/","name":"Albergo Elea","description":"Hotel 3 stelle Ascea Marina","publisher":{"@id":"https:\/\/www.albergoelea.it\/#organization"},"potentialAction":[{"@type":"SearchAction","target":{"@type":"EntryPoint","urlTemplate":"https:\/\/www.albergoelea.it\/?s={search_term_string}"},"query-input":"required name=search_term_string"}],"inLanguage":"en-US"},{"@type":"ImageObject","@id":"https:\/\/www.albergoelea.it\/en\/lido\/#primaryimage","inLanguage":"en-US","url":"https:\/\/www.albergoelea.it\/wp-content\/uploads\/2022\/02\/albergo-elea-lido-1.jpg","contentUrl":"https:\/\/www.albergoelea.it\/wp-content\/uploads\/2022\/02\/albergo-elea-lido-1.jpg","width":1300,"height":655},{"@type":"WebPage","@id":"https:\/\/www.albergoelea.it\/en\/lido\/#webpage","url":"https:\/\/www.albergoelea.it\/en\/lido\/","name":"Albergo Elea - Lido a Marina di Ascea - Cilento","isPartOf":{"@id":"https:\/\/www.albergoelea.it\/#website"},"primaryImageOfPage":{"@id":"https:\/\/www.albergoelea.it\/en\/lido\/#primaryimage"},"datePublished":"2022-01-12T11:24:30+00:00","dateModified":"2022-05-02T08:11:50+00:00","breadcrumb":{"@id":"https:\/\/www.albergoelea.it\/en\/lido\/#breadcrumb"},"inLanguage":"en-US","potentialAction":[{"@type":"ReadAction","target":["https:\/\/www.albergoelea.it\/en\/lido\/"]}]},{"@type":"BreadcrumbList","@id":"https:\/\/www.albergoelea.it\/en\/lido\/#breadcrumb","itemListElement":[{"@type":"ListItem","position":1,"name":"Home","item":"https:\/\/www.albergoelea.it\/en\/"},{"@type":"ListItem","position":2,"name":"Lido"}]}]}},"_links":{"self":[{"href":"https:\/\/www.albergoelea.it\/en\/wp-json\/wp\/v2\/pages\/5301","targetHints":{"allow":["GET"]}}],"collection":[{"href":"https:\/\/www.albergoelea.it\/en\/wp-json\/wp\/v2\/pages"}],"about":[{"href":"https:\/\/www.albergoelea.it\/en\/wp-json\/wp\/v2\/types\/page"}],"author":[{"embeddable":true,"href":"https:\/\/www.albergoelea.it\/en\/wp-json\/wp\/v2\/users\/1"}],"replies":[{"embeddable":true,"href":"https:\/\/www.albergoelea.it\/en\/wp-json\/wp\/v2\/comments?post=5301"}],"version-history":[{"count":8,"href":"https:\/\/www.albergoelea.it\/en\/wp-json\/wp\/v2\/pages\/5301\/revisions"}],"predecessor-version":[{"id":5474,"href":"https:\/\/www.albergoelea.it\/en\/wp-json\/wp\/v2\/pages\/5301\/revisions\/5474"}],"wp:attachment":[{"href":"https:\/\/www.albergoelea.it\/en\/wp-json\/wp\/v2\/media?parent=5301"}],"curies":[{"name":"wp","href":"https:\/\/api.w.org\/{rel}","templated":true}]}}